{"id":2042,"date":"2023-11-27T18:42:40","date_gmt":"2023-11-27T17:42:40","guid":{"rendered":"https:\/\/alpaka-appenzell.ch\/?page_id=2042"},"modified":"2026-04-23T22:55:02","modified_gmt":"2026-04-23T20:55:02","slug":"ferienwohnung-buchen","status":"publish","type":"page","link":"https:\/\/alpaka-appenzell.ch\/en\/services\/ferien-auf-dem-bauernhof-alpakas\/ferienwohnung-buchen\/","title":{"rendered":"Holiday Apartment Booking"},"content":{"rendered":"<div data-elementor-type=\"wp-page\" data-elementor-id=\"2042\" class=\"elementor elementor-2042\" data-elementor-post-type=\"page\">\n\t\t\t\t<div data-particle_enable=\"false\" data-particle-mobile-disabled=\"false\" class=\"elementor-element elementor-element-46bc548 e-flex e-con-boxed e-con e-parent\" data-id=\"46bc548\" data-element_type=\"container\">\n\t\t\t\t\t<div class=\"e-con-inner\">\n\t\t\t\t\t<\/div>\n\t\t\t\t<\/div>\n\t\t<div data-particle_enable=\"false\" data-particle-mobile-disabled=\"false\" class=\"elementor-element elementor-element-35b7e28 e-flex e-con-boxed e-con e-parent\" data-id=\"35b7e28\" data-element_type=\"container\">\n\t\t\t\t\t<div class=\"e-con-inner\">\n\t\t\t\t<div class=\"elementor-element elementor-element-107d16f elementor-widget elementor-widget-html\" data-id=\"107d16f\" data-element_type=\"widget\" data-widget_type=\"html.default\">\n\t\t\t\t\t<div class=\"alpaka-mini-nav\">\r\n  <a href=\"https:\/\/alpaka-appenzell.ch\/en\/services\/ferien-auf-dem-bauernhof-alpakas\/\">Alpaka Farm Holiday<\/a>\r\n  <a href=\"https:\/\/alpaka-appenzell.ch\/en\/services\/ferien-auf-dem-bauernhof-alpakas\/unterkunft\/\">The Apartment<\/a>\r\n  <a href=\"https:\/\/alpaka-appenzell.ch\/en\/services\/ferien-auf-dem-bauernhof-alpakas\/ferienwohnung-ausstattung\/\">Holiday Apartment Furnishings<\/a>\r\n  <a href=\"https:\/\/alpaka-appenzell.ch\/en\/services\/ferien-auf-dem-bauernhof-alpakas\/ausflugsziele-appenzellerland\/\">Things to do in Appenzellerland<\/a>\r\n\r\n<\/div>\t\t\t\t<\/div>\n\t\t\t\t\t<\/div>\n\t\t\t\t<\/div>\n\t\t<div data-particle_enable=\"false\" data-particle-mobile-disabled=\"false\" class=\"elementor-element elementor-element-24b7dab4 e-flex e-con-boxed e-con e-parent\" data-id=\"24b7dab4\" data-element_type=\"container\">\n\t\t\t\t\t<div class=\"e-con-inner\">\n\t\t<div data-particle_enable=\"false\" data-particle-mobile-disabled=\"false\" class=\"elementor-element elementor-element-e561c78 e-flex e-con-boxed e-con e-child\" data-id=\"e561c78\" data-element_type=\"container\">\n\t\t\t\t\t<div class=\"e-con-inner\">\n\t\t\t\t<div class=\"elementor-element elementor-element-f8d9d0c elementor-widget elementor-widget-heading\" data-id=\"f8d9d0c\" data-element_type=\"widget\" data-widget_type=\"heading.default\">\n\t\t\t\t\t<h1 class=\"elementor-heading-title elementor-size-default\">Holiday Apartment Booking on the Alpaca Farm in Switzerland<\/h1>\t\t\t\t<\/div>\n\t\t\t\t<div class=\"elementor-element elementor-element-6e4e72c elementor-widget elementor-widget-text-editor\" data-id=\"6e4e72c\" data-element_type=\"widget\" data-widget_type=\"text-editor.default\">\n\t\t\t\t\t\t\t\t\t<blockquote><p style=\"text-align: center;\">Here you can directly book your holiday apartment on a farm in Switzerland and check the availability of our accommodation on the alpaca farm.<\/p><p style=\"text-align: center;\">Check available dates online, secure your preferred stay, and book your holiday apartment conveniently and safely via Airbnb.<\/p><\/blockquote><p style=\"text-align: center;\">Learn more about the <a href=\"\/en\/services\/ferien-auf-dem-bauernhof-alpakas\/unterkunft\/\">farm stay accommodation<\/a> or explore the <a href=\"\/en\/services\/ferien-auf-dem-bauernhof-alpakas\/ferienwohnung-ausstattung\/\">furnishings of the holiday apartment<\/a> in detail.<\/p>\t\t\t\t\t\t\t\t<\/div>\n\t\t\t\t<div class=\"elementor-element elementor-element-fe5b272 elementor-widget elementor-widget-html\" data-id=\"fe5b272\" data-element_type=\"widget\" data-widget_type=\"html.default\">\n\t\t\t\t\t<div class=\"alpaka-mini-grid\">\r\n\r\n  <div class=\"alpaka-mini-item\" style=\"background:#f4efe7;\">\r\n    <strong>Check Availability<\/strong>\r\n    <span>View available dates online<\/span>\r\n  <\/div>\r\n\r\n  <div class=\"alpaka-mini-item\" style=\"background:#efe7dc;\">\r\n    <strong>10% Discount<\/strong>\r\n    <span>For stays of 7 nights or more<\/span>\r\n  <\/div>\r\n\r\n  <div class=\"alpaka-mini-item\" style=\"background:#f3eee5;\">\r\n    <strong>5.0 Stars<\/strong>\r\n    <span>After over 100 Reviews on Airbnb<\/span>\r\n  <\/div>\r\n\r\n  <div class=\"alpaka-mini-item\" style=\"background:#e8dfd2;\">\r\n    <strong>Secure Booking<\/strong>\r\n    <span>Book and pay via Airbnb<\/span>\r\n  <\/div>\r\n\r\n  <div class=\"alpaka-mini-item\" style=\"background:#f7f3ec;\">\r\n    <strong>Personal &amp; Clear<\/strong>\r\n    <span>Key information for your stay at a glance<\/span>\r\n  <\/div>\r\n\r\n<\/div>\t\t\t\t<\/div>\n\t\t<div data-particle_enable=\"false\" data-particle-mobile-disabled=\"false\" class=\"elementor-element elementor-element-cbee415 e-grid e-con-full e-con e-child\" data-id=\"cbee415\" data-element_type=\"container\">\n\t\t\t\t<div class=\"elementor-element elementor-element-b1c1701 elementor-widget elementor-widget-text-editor\" data-id=\"b1c1701\" data-element_type=\"widget\" data-widget_type=\"text-editor.default\">\n\t\t\t\t\t\t\t\t\t<h2 data-start=\"0\" data-end=\"26\"><span style=\"color: #008000;\">Book Your Holiday Apartment and Save 10%<\/span><\/h2><p data-start=\"28\" data-end=\"245\">For stays of <strong>7 nights or more<\/strong> , you receive a <strong>10% Discount<\/strong> on the accommodation price.<\/p><p data-start=\"28\" data-end=\"245\">This is especially worthwhile for those who wish to enjoy several relaxing days on the farm and explore the region at their own pace.<\/p><p data-start=\"247\" data-end=\"313\" data-is-last-node=\"\" data-is-only-node=\"\">The discount is applied directly through the Airbnb booking.<\/p>\t\t\t\t\t\t\t\t<\/div>\n\t\t\t\t<div class=\"elementor-element elementor-element-6d297fd elementor-widget elementor-widget-image\" data-id=\"6d297fd\" data-element_type=\"widget\" data-widget_type=\"image.default\">\n\t\t\t\t\t\t\t\t\t\t\t\t\t\t\t<img fetchpriority=\"high\" decoding=\"async\" width=\"800\" height=\"534\" src=\"https:\/\/alpaka-appenzell.ch\/wp-content\/uploads\/2024\/04\/ST_3x2_Schonengrund-Hof-Bischofberger_101318-1024x683.jpg\" class=\"attachment-large size-large wp-image-5224\" alt=\"Ferienwohnung Buchen - Familie in der Ferienwohnung auf dem Bauernhof\" srcset=\"\" sizes=\"(max-width: 800px) 100vw, 800px\" title=\"\" data-srcset=\"\">\t\t\t\t\t\t\t\t\t\t\t\t\t\t\t<\/div>\n\t\t\t\t<\/div>\n\t\t\t\t<div class=\"elementor-element elementor-element-273ea68 elementor-widget elementor-widget-html\" data-id=\"273ea68\" data-element_type=\"widget\" data-widget_type=\"html.default\">\n\t\t\t\t\t<div style=\"background:linear-gradient(180deg,#f9f7f2 0%,#f4efe7 100%); border:1px solid #e7dfd2; border-radius:20px; padding:30px 24px; box-shadow:0 8px 24px rgba(60,45,30,0.05); text-align:center;\">\r\n  <div style=\"display:inline-block; padding:6px 14px; margin-bottom:14px; background:#efe7dc; border-radius:999px; font-size:14px; font-weight:600; color:#6a5846;\">\r\n    Airbnb Rating\r\n  <\/div>\r\n\r\n  <h2 style=\"margin:0 0 12px; font-size:30px; line-height:1.2; color:#3d3126;\">\r\n    Top-Rated Holiday Apartment on Airbnb\r\n  <\/h2>\r\n\r\n  <div style=\"font-size:64px; line-height:1; font-weight:700; color:#2f261e; margin:8px 0 6px;\">\r\n   \r\n  <\/div>\r\n\r\n  <div style=\"font-size:30px; line-height:1.1; font-weight:700; color:#2f261e; margin:0 0 14px;\">\r\n    \r\n  <\/div>\r\n\r\n  <p style=\"margin:0 auto; max-width:620px; font-size:16px; line-height:1.75; color:#5a4b3d;\">\r\n   Our holiday apartment is among the top-rated accommodations on Airbnb and has received a 5.0-star rating after more than 100 stays. As a guest favorite, it is one of the most popular listings, particularly praised for cleanliness, communication, and reliability.\r\n  <\/p>\r\n<\/div>\t\t\t\t<\/div>\n\t\t<div data-particle_enable=\"false\" data-particle-mobile-disabled=\"false\" class=\"elementor-element elementor-element-604d2ad e-grid e-con-full e-con e-child\" data-id=\"604d2ad\" data-element_type=\"container\">\n\t\t\t\t<div class=\"elementor-element elementor-element-5b8820c elementor-widget elementor-widget-html\" data-id=\"5b8820c\" data-element_type=\"widget\" data-widget_type=\"html.default\">\n\t\t\t\t\t<div class=\"alpaka-premium-checklist\">\r\n  <div class=\"alpaka-premium-checklist__inner\">\r\n\r\n    <p class=\"alpaka-premium-checklist__eyebrow\">Booking &amp; Stay<\/p>\r\n    <h3 class=\"alpaka-premium-checklist__title\">Good to Know for Your Booking<\/h3>\r\n\r\n    <ul class=\"alpaka-premium-checklist__list\">\r\n      <li>Minimum stay: 3 nights<\/li>\r\n<li>Maximum occupancy: 4 guests<\/li>\r\n<li>Bookings are made exclusively via Airbnb<\/li>\r\n<li>Pets are not allowed<\/li>\r\n<li>Check-in from 16:00 \/ Check-out until 10:00<\/li>\r\n      <li>Bed linen, towels, and utilities included<\/li>\r\n     \r\n      <li>Smoking is not permitted inside the apartment<\/li>\r\n      <li>Smoking is allowed on the terrace<\/li>\r\n    <\/ul>\r\n\r\n  <\/div>\r\n<\/div>\r\n\r\n<style>\r\n  .alpaka-premium-checklist {\r\n    height: 100%;\r\n  }\r\n\r\n  .alpaka-premium-checklist__inner {\r\n    background: linear-gradient(180deg, #eef3ea 0%, #e3ebdc 100%);\r\n    border: 1px solid #d6e0cf;\r\n    border-radius: 22px;\r\n    padding: 30px 28px;\r\n    box-shadow:\r\n      0 10px 30px rgba(51, 39, 24, 0.06),\r\n      inset 0 1px 0 rgba(255, 255, 255, 0.65);\r\n  }\r\n\r\n  .alpaka-premium-checklist__eyebrow {\r\n    margin: 0 0 8px;\r\n    font-size: 12px;\r\n    line-height: 1.2;\r\n    letter-spacing: 0.14em;\r\n    text-transform: uppercase;\r\n    color: #6f7f5a;\r\n    font-weight: 600;\r\n  }\r\n\r\n  .alpaka-premium-checklist__title {\r\n    margin: 0 0 22px;\r\n    font-size: 24px;\r\n    line-height: 1.25;\r\n    color: #2f2923;\r\n    font-weight: 600;\r\n  }\r\n\r\n  .alpaka-premium-checklist__list {\r\n    list-style: none;\r\n    margin: 0;\r\n    padding: 0;\r\n    display: grid;\r\n    gap: 14px;\r\n  }\r\n\r\n  .alpaka-premium-checklist__list li {\r\n    position: relative;\r\n    margin: 0;\r\n    padding: 0 0 0 44px;\r\n    font-size: 16px;\r\n    line-height: 1.55;\r\n    color: #4f463d;\r\n  }\r\n\r\n  .alpaka-premium-checklist__list li::before {\r\n    content: \"\u2713\";\r\n    position: absolute;\r\n    left: 0;\r\n    top: 0.05em;\r\n    width: 28px;\r\n    height: 28px;\r\n    border-radius: 50%;\r\n    background: #ffffff;\r\n    border: 1px solid #cfd8c6;\r\n    color: #6f7f5a;\r\n    display: flex;\r\n    align-items: center;\r\n    justify-content: center;\r\n    font-size: 15px;\r\n    font-weight: 700;\r\n    box-shadow: 0 4px 10px rgba(51, 39, 24, 0.05);\r\n  }\r\n\r\n  @media (max-width: 767px) {\r\n    .alpaka-premium-checklist__inner {\r\n      padding: 24px 20px;\r\n      border-radius: 18px;\r\n    }\r\n\r\n    .alpaka-premium-checklist__title {\r\n      font-size: 21px;\r\n      margin-bottom: 18px;\r\n    }\r\n\r\n    .alpaka-premium-checklist__list li {\r\n      font-size: 15px;\r\n      padding-left: 40px;\r\n    }\r\n\r\n    .alpaka-premium-checklist__list li::before {\r\n      width: 24px;\r\n      height: 24px;\r\n      font-size: 13px;\r\n    }\r\n  }\r\n<\/style>\t\t\t\t<\/div>\n\t\t\t\t<div class=\"elementor-element elementor-element-c3acd7b elementor-widget elementor-widget-image\" data-id=\"c3acd7b\" data-element_type=\"widget\" data-widget_type=\"image.default\">\n\t\t\t\t\t\t\t\t\t\t\t\t\t\t\t<img decoding=\"async\" width=\"800\" height=\"648\" src=\"https:\/\/alpaka-appenzell.ch\/wp-content\/uploads\/2026\/04\/airbnb-5-star-rating-holiday-apartment-farm-switzerland.jpg\" class=\"attachment-large size-large wp-image-10889\" alt=\"5.0 Sterne Airbnb Bewertung unserer Ferienwohnung auf dem Bauernhof in der Schweiz\" srcset=\"https:\/\/alpaka-appenzell.ch\/wp-content\/uploads\/2026\/04\/airbnb-5-star-rating-holiday-apartment-farm-switzerland.jpg 890w, https:\/\/alpaka-appenzell.ch\/wp-content\/uploads\/2026\/04\/airbnb-5-star-rating-holiday-apartment-farm-switzerland-300x213.jpg 300w, https:\/\/alpaka-appenzell.ch\/wp-content\/uploads\/2026\/04\/airbnb-5-star-rating-holiday-apartment-farm-switzerland-768x546.jpg 768w, https:\/\/alpaka-appenzell.ch\/wp-content\/uploads\/2026\/04\/airbnb-5-star-rating-holiday-apartment-farm-switzerland-18x12.jpg 18w, https:\/\/alpaka-appenzell.ch\/wp-content\/uploads\/2026\/04\/airbnb-5-star-rating-holiday-apartment-farm-switzerland-600x427.jpg 600w\" sizes=\"(max-width: 800px) 100vw, 800px\" title=\"\">\t\t\t\t\t\t\t\t\t\t\t\t\t\t\t<\/div>\n\t\t\t\t<\/div>\n\t\t\t\t<div class=\"elementor-element elementor-element-f04d11e elementor-widget elementor-widget-text-editor\" data-id=\"f04d11e\" data-element_type=\"widget\" data-widget_type=\"text-editor.default\">\n\t\t\t\t\t\t\t\t\t<blockquote><p style=\"text-align: center;\"><span style=\"color: #008000;\"><strong>Popular dates are often booked early \u2013 secure your preferred stay in advance.<\/strong><\/span><\/p><\/blockquote>\t\t\t\t\t\t\t\t<\/div>\n\t\t\t\t<div class=\"elementor-element elementor-element-e34429b elementor-widget elementor-widget-spacer\" data-id=\"e34429b\" data-element_type=\"widget\" data-widget_type=\"spacer.default\">\n\t\t\t\t\t\t\t<div class=\"elementor-spacer\">\n\t\t\t<div class=\"elementor-spacer-inner\"><\/div>\n\t\t<\/div>\n\t\t\t\t\t\t<\/div>\n\t\t\t\t<div class=\"elementor-element elementor-element-cbef6fb elementor-widget elementor-widget-heading\" data-id=\"cbef6fb\" data-element_type=\"widget\" data-widget_type=\"heading.default\">\n\t\t\t\t\t<h2 class=\"elementor-heading-title elementor-size-default\">\ud83c\udfe0 Secure Booking via Airbnb<\/h2>\t\t\t\t<\/div>\n\t\t\t\t<div class=\"elementor-element elementor-element-630fc56 elementor-widget elementor-widget-text-editor\" data-id=\"630fc56\" data-element_type=\"widget\" data-widget_type=\"text-editor.default\">\n\t\t\t\t\t\t\t\t\t<p>or security and organizational reasons, bookings are handled <strong>exclusively via<\/strong> <a href=\"http:\/\/airbnb.ch\/h\/ferien-auf-dem-alpakahof\" target=\"_blank\" rel=\"noopener\">Airbnb<\/a>. This allows guests to benefit from secure payment processing through the platform as well as important protection mechanisms related to their reservation.<\/p><p>This includes clear booking processes and support in case of questions or issues related to booking, check-in, or cancellations. At the same time, the booking remains transparent, traceable, and binding for both parties.<\/p>\t\t\t\t\t\t\t\t<\/div>\n\t\t\t\t<div class=\"elementor-element elementor-element-eb379bd elementor-widget elementor-widget-text-editor\" data-id=\"eb379bd\" data-element_type=\"widget\" data-widget_type=\"text-editor.default\">\n\t\t\t\t\t\t\t\t\t<p style=\"text-align: center;\"><strong><span style=\"color: #008000;\">Still unsure? Discover<\/span> <a href=\"https:\/\/alpaka-appenzell.ch\/en\/services\/ferien-auf-dem-bauernhof-alpakas\/ausflugsziele-appenzellerland\/\">Things to do in the Region<\/a> <span style=\"color: #008000;\">and around the alpaca farm.<\/span><\/strong><\/p>\t\t\t\t\t\t\t\t<\/div>\n\t\t\t\t<div class=\"elementor-element elementor-element-b5e6587 elementor-widget elementor-widget-html\" data-id=\"b5e6587\" data-element_type=\"widget\" data-widget_type=\"html.default\">\n\t\t\t\t\t<div class=\"alpaka-cta\">\r\n  <h2>Book Your Holiday Apartment Now <br>Ready for your getaway on the alpaca farm?<\/h2>\r\n  <p>\r\n    Check the availability of our holiday apartment in Switzerland now and secure your preferred stay conveniently and safely via Airbnb.\r\n  <\/p>\r\n\r\n  <div style=\"text-align:center; margin:0 0 18px;\">\r\n    <img decoding=\"async\" src=\"https:\/\/alpaka-appenzell.ch\/wp-content\/uploads\/2024\/03\/Airbnb.png\" alt=\"Airbnb Logo\" style=\"width:200x; height:auto; display:inline-block;\" title=\"\">\r\n  <\/div>\r\n\r\n  <div class=\"alpaka-btn-wrap\">\r\n    <a class=\"alpaka-btn alpaka-btn-primary\" href=\"#\" target=\"airbnb.ch\/h\/ferien-auf-dem-alpakahof\" rel=\"noopener\">\r\n      Check Availability on Airbnb\r\n    <\/a>\r\n  <\/div>\r\n<\/div>\t\t\t\t<\/div>\n\t\t<div data-particle_enable=\"false\" data-particle-mobile-disabled=\"false\" class=\"elementor-element elementor-element-ea7a230 e-con-full e-flex e-con e-child\" data-id=\"ea7a230\" data-element_type=\"container\">\n\t\t<div data-particle_enable=\"false\" data-particle-mobile-disabled=\"false\" class=\"elementor-element elementor-element-d5d3c8d e-con-full e-flex e-con e-child\" data-id=\"d5d3c8d\" data-element_type=\"container\">\n\t\t\t\t<div class=\"elementor-element elementor-element-a1cd4de elementor-widget elementor-widget-heading\" data-id=\"a1cd4de\" data-element_type=\"widget\" data-widget_type=\"heading.default\">\n\t\t\t\t\t<h6 class=\"elementor-heading-title elementor-size-default\">Share page:<\/h6>\t\t\t\t<\/div>\n\t\t\t\t<div class=\"elementor-element elementor-element-b28f338 elementor-share-buttons--view-icon elementor-share-buttons--skin-gradient elementor-share-buttons--shape-square elementor-grid-0 elementor-share-buttons--color-official elementor-widget elementor-widget-share-buttons\" data-id=\"b28f338\" data-element_type=\"widget\" data-widget_type=\"share-buttons.default\">\n\t\t\t\t\t\t\t<div class=\"elementor-grid\" role=\"list\">\n\t\t\t\t\t\t\t\t<div class=\"elementor-grid-item\" role=\"listitem\">\n\t\t\t\t\t\t<div class=\"elementor-share-btn elementor-share-btn_facebook\" role=\"button\" tabindex=\"0\" aria-label=\"Share on facebook\">\n\t\t\t\t\t\t\t\t\t\t\t\t\t\t\t<span class=\"elementor-share-btn__icon\">\n\t\t\t\t\t\t\t\t<svg aria-hidden=\"true\" class=\"e-font-icon-svg e-fab-facebook\" viewbox=\"0 0 512 512\" xmlns=\"http:\/\/www.w3.org\/2000\/svg\"><path d=\"M504 256C504 119 393 8 256 8S8 119 8 256c0 123.78 90.69 226.38 209.25 245V327.69h-63V256h63v-54.64c0-62.15 37-96.48 93.67-96.48 27.14 0 55.52 4.84 55.52 4.84v61h-31.28c-30.8 0-40.41 19.12-40.41 38.73V256h68.78l-11 71.69h-57.78V501C413.31 482.38 504 379.78 504 256z\"><\/path><\/svg>\t\t\t\t\t\t\t<\/span>\n\t\t\t\t\t\t\t\t\t\t\t\t\t\t\t\t\t\t\t\t<\/div>\n\t\t\t\t\t<\/div>\n\t\t\t\t\t\t\t\t\t<div class=\"elementor-grid-item\" role=\"listitem\">\n\t\t\t\t\t\t<div class=\"elementor-share-btn elementor-share-btn_twitter\" role=\"button\" tabindex=\"0\" aria-label=\"Share on twitter\">\n\t\t\t\t\t\t\t\t\t\t\t\t\t\t\t<span class=\"elementor-share-btn__icon\">\n\t\t\t\t\t\t\t\t<svg aria-hidden=\"true\" class=\"e-font-icon-svg e-fab-twitter\" viewbox=\"0 0 512 512\" xmlns=\"http:\/\/www.w3.org\/2000\/svg\"><path d=\"M459.37 151.716c.325 4.548.325 9.097.325 13.645 0 138.72-105.583 298.558-298.558 298.558-59.452 0-114.68-17.219-161.137-47.106 8.447.974 16.568 1.299 25.34 1.299 49.055 0 94.213-16.568 130.274-44.832-46.132-.975-84.792-31.188-98.112-72.772 6.498.974 12.995 1.624 19.818 1.624 9.421 0 18.843-1.3 27.614-3.573-48.081-9.747-84.143-51.98-84.143-102.985v-1.299c13.969 7.797 30.214 12.67 47.431 13.319-28.264-18.843-46.781-51.005-46.781-87.391 0-19.492 5.197-37.36 14.294-52.954 51.655 63.675 129.3 105.258 216.365 109.807-1.624-7.797-2.599-15.918-2.599-24.04 0-57.828 46.782-104.934 104.934-104.934 30.213 0 57.502 12.67 76.67 33.137 23.715-4.548 46.456-13.32 66.599-25.34-7.798 24.366-24.366 44.833-46.132 57.827 21.117-2.273 41.584-8.122 60.426-16.243-14.292 20.791-32.161 39.308-52.628 54.253z\"><\/path><\/svg>\t\t\t\t\t\t\t<\/span>\n\t\t\t\t\t\t\t\t\t\t\t\t\t\t\t\t\t\t\t\t<\/div>\n\t\t\t\t\t<\/div>\n\t\t\t\t\t\t\t\t\t<div class=\"elementor-grid-item\" role=\"listitem\">\n\t\t\t\t\t\t<div class=\"elementor-share-btn elementor-share-btn_linkedin\" role=\"button\" tabindex=\"0\" aria-label=\"Share on linkedin\">\n\t\t\t\t\t\t\t\t\t\t\t\t\t\t\t<span class=\"elementor-share-btn__icon\">\n\t\t\t\t\t\t\t\t<svg aria-hidden=\"true\" class=\"e-font-icon-svg e-fab-linkedin\" viewbox=\"0 0 448 512\" xmlns=\"http:\/\/www.w3.org\/2000\/svg\"><path d=\"M416 32H31.9C14.3 32 0 46.5 0 64.3v383.4C0 465.5 14.3 480 31.9 480H416c17.6 0 32-14.5 32-32.3V64.3c0-17.8-14.4-32.3-32-32.3zM135.4 416H69V202.2h66.5V416zm-33.2-243c-21.3 0-38.5-17.3-38.5-38.5S80.9 96 102.2 96c21.2 0 38.5 17.3 38.5 38.5 0 21.3-17.2 38.5-38.5 38.5zm282.1 243h-66.4V312c0-24.8-.5-56.7-34.5-56.7-34.6 0-39.9 27-39.9 54.9V416h-66.4V202.2h63.7v29.2h.9c8.9-16.8 30.6-34.5 62.9-34.5 67.2 0 79.7 44.3 79.7 101.9V416z\"><\/path><\/svg>\t\t\t\t\t\t\t<\/span>\n\t\t\t\t\t\t\t\t\t\t\t\t\t\t\t\t\t\t\t\t<\/div>\n\t\t\t\t\t<\/div>\n\t\t\t\t\t\t<\/div>\n\t\t\t\t\t\t<\/div>\n\t\t\t\t<\/div>\n\t\t\t\t<\/div>\n\t\t\t\t\t<\/div>\n\t\t\t\t<\/div>\n\t\t\t\t\t<\/div>\n\t\t\t\t<\/div>\n\t\t\t\t<\/div>","protected":false},"excerpt":{"rendered":"<p>Ferien auf dem Alpakahof Die Unterkunft Ferienwohnung Ausstattung Ausflusgzeile Appenzellerland Ferienwohnung Buchen auf dem Alpakahof in der Schweiz Hier k\u00f6nnen Sie direkt Ihre Ferienwohnung auf dem Bauernhof in der Schweiz buchen und die Verf\u00fcgbarkeit unserer Unterkunft auf dem Alpakahof pr\u00fcfen. Pr\u00fcfen Sie freie Zeitr\u00e4ume online, sichern Sie sich Ihren Wunschtermin und buchen Sie Ihre Ferienwohnung [&hellip;]<\/p>","protected":false},"author":2,"featured_media":0,"parent":2018,"menu_order":0,"comment_status":"closed","ping_status":"closed","template":"","meta":{"footnotes":""},"class_list":["post-2042","page","type-page","status-publish","hentry"],"_links":{"self":[{"href":"https:\/\/alpaka-appenzell.ch\/en\/wp-json\/wp\/v2\/pages\/2042","targetHints":{"allow":["GET"]}}],"collection":[{"href":"https:\/\/alpaka-appenzell.ch\/en\/wp-json\/wp\/v2\/pages"}],"about":[{"href":"https:\/\/alpaka-appenzell.ch\/en\/wp-json\/wp\/v2\/types\/page"}],"author":[{"embeddable":true,"href":"https:\/\/alpaka-appenzell.ch\/en\/wp-json\/wp\/v2\/users\/2"}],"replies":[{"embeddable":true,"href":"https:\/\/alpaka-appenzell.ch\/en\/wp-json\/wp\/v2\/comments?post=2042"}],"version-history":[{"count":69,"href":"https:\/\/alpaka-appenzell.ch\/en\/wp-json\/wp\/v2\/pages\/2042\/revisions"}],"predecessor-version":[{"id":10992,"href":"https:\/\/alpaka-appenzell.ch\/en\/wp-json\/wp\/v2\/pages\/2042\/revisions\/10992"}],"up":[{"embeddable":true,"href":"https:\/\/alpaka-appenzell.ch\/en\/wp-json\/wp\/v2\/pages\/2018"}],"wp:attachment":[{"href":"https:\/\/alpaka-appenzell.ch\/en\/wp-json\/wp\/v2\/media?parent=2042"}],"curies":[{"name":"wp","href":"https:\/\/api.w.org\/{rel}","templated":true}]}}