{"id":3908,"date":"2024-03-26T01:53:28","date_gmt":"2024-03-25T14:53:28","guid":{"rendered":"http:\/\/alpaka-appenzell.ch\/products\/terra-preta-nahrhumus\/nutzung-copy\/"},"modified":"2026-03-07T16:33:19","modified_gmt":"2026-03-07T15:33:19","slug":"beobachter-magazine","status":"publish","type":"page","link":"https:\/\/alpaka-appenzell.ch\/en\/products\/terra-preta-nahrhumus\/beobachter-magazine\/","title":{"rendered":"Beobachter Magazine Artikel"},"content":{"rendered":"<div data-elementor-type=\"wp-page\" data-elementor-id=\"3908\" class=\"elementor elementor-3908\" data-elementor-post-type=\"page\">\n\t\t\t\t<div data-particle_enable=\"false\" data-particle-mobile-disabled=\"false\" class=\"elementor-element elementor-element-2985554 e-flex e-con-boxed e-con e-parent\" data-id=\"2985554\" data-element_type=\"container\">\n\t\t\t\t\t<div class=\"e-con-inner\">\n\t\t\t\t\t<\/div>\n\t\t\t\t<\/div>\n\t\t<div data-particle_enable=\"false\" data-particle-mobile-disabled=\"false\" class=\"elementor-element elementor-element-d01dcce e-flex e-con-boxed e-con e-parent\" data-id=\"d01dcce\" data-element_type=\"container\">\n\t\t\t\t\t<div class=\"e-con-inner\">\n\t\t\t\t<div class=\"elementor-element elementor-element-43efc1b elementor-widget elementor-widget-heading\" data-id=\"43efc1b\" data-element_type=\"widget\" data-widget_type=\"heading.default\">\n\t\t\t\t\t<h2 class=\"elementor-heading-title elementor-size-default\"> Beobachter Magazine No. 1 \/ 2020 <\/h2>\t\t\t\t<\/div>\n\t\t\t\t<div class=\"elementor-element elementor-element-6e1a69f elementor-widget elementor-widget-text-editor\" data-id=\"6e1a69f\" data-element_type=\"widget\" data-widget_type=\"text-editor.default\">\n\t\t\t\t\t\t\t\t\t<h4>PYROLYSE: FERTILIZE THE SOIL NATURALLY<\/h4><div><p><strong>In 2020, Beobachter magazine published an in-depth article series on the topic of Smart Farming for the future.<\/strong><\/p><p>We were proud that our own farm and our visions on carbon farming became part of this innovative series. Markus has been described as one of Switzerland's pioneers in the field of regenerative agriculture.<\/p><p>Under the title:\u00a0<strong>PYROLOSE: Den Boden Nat\u00fcrlich D\u00fcngen<\/strong>\u00a0on page 20 of the Beobachter Magazine Edition 1\/2020  the journalist Julia Hofer brought our visions to print with the below article (strangely enough the Beobachter has used a photo of a stranger and his farm rather than our own farm)<\/p><h6><strong>\"PYROLYSE: FERTILIZE THE SOIL NATURALLY\"<\/strong><\/h6><p>The topics of soil and climate protection \u201care igniting\u201d, says Markus Bischofberger, who runs a farm with alpacas, pigs and cows in Appenzell. \u201cHarvest failures are increasing. because the hard soils can no longer absorb the heavy rain that climate change brings. \u00bbIt takes more and more tractors to work the soils which makes the soils even more compacted thus creating a vicious circle. There is a simple and natural way out: Biochar. The indigenous people of South America made Terra Preta from charred plant remains millenniums ago, which makes the soil extremely fertile. This traditional process is now being rediscovered: using the latest pyrolysis processes, biomass can be converted into plant coal with low emissions. The heat generated by charring can be used to dry the biomass, be used as a heat source and to produce electricity. Markus Bischofberger is one of the Swiss pioneers in regenerative agriculture.<\/p><p>Eight years ago (2012) he started using biochar enriched with microorganisms as bedding for his livestock in the barn. Because it absorbs the urine, less ammonia and nitrous oxide are formed in the barn, which is extremely harmful to the climate. In the feed silo, the biochar optimizes the bacterial processes, which improves the digestion of the cows. They flatulate and belch less, producing less climate-damaging methane. Bischofberger composts the manure from the stables with clay, green waste and additional biochar. The nutrients accumulate in the biochar and in the field, they release these nutrients as a type of slow-release fertilizer \u2013 making artificial fertilizer superfluous. \"The point is to get the natural cycles working again.\" The Appenzeller now wants to build and operate a pyrolysis machine. \"I would not do that if I was not completely convinced.\" In cooperation with the eco center in Langenbruck BL, his business is now becoming a carbon farm - a climate-positive model business.<\/p><p>The Appenzeller now wants to build and operate a pyrolysis machine. \"I would not do that if I was not completely convinced.\" In cooperation with the eco center in Langenbruck BL, his business is now becoming a carbon farm - a climate-positive model business. The use of biochar is also financially worthwhile for Bischofberger. His animals are healthy, he hardly needs any antibiotics anymore, the harvests have more nutritional value, the grass is luscious green until November, and the soil is healthy. Studies show that plants can survive heat periods ten days longer and the soil can absorb one third more water.<\/p><p>Biochar has another advantage: it binds CO2 permanently into the soil. At such levels that it can do a lot to solve the climate problem. The French Ministry of Agriculture has calculated that 4 per mil more carbon in the soil per year would be sufficient to bind all man-made CO2 emissions. The CO2 certificate trade opens up a new source of income for innovative farmers: GPS-accurate soil samples can be used to measure for the additional carbon stored in the soil and compensate them accordingly. In this way, farmers - criticized today as drivers of the climate crisis - are becoming part of the solution.<\/p><h6><span style=\"color: #339966;\"><strong>\u00a0\"One ton of biochar binds 3.6 tons of CO2 into the soil indefinitely\".<\/strong><\/span><\/h6><p><img fetchpriority=\"high\" decoding=\"async\" class=\"alignnone wp-image-3905 size-full\" src=\"https:\/\/alpaka-appenzell.ch\/wp-content\/uploads\/2024\/03\/Beobachter-Pyrolyse-Den-Boden-Naturlich-Dungen.jpg\" alt=\"Beobachter Reportage Pyrolose Bischofberger\" width=\"800\" height=\"664\" title=\"\" srcset=\"https:\/\/alpaka-appenzell.ch\/wp-content\/uploads\/2024\/03\/Beobachter-Pyrolyse-Den-Boden-Naturlich-Dungen.jpg 800w, https:\/\/alpaka-appenzell.ch\/wp-content\/uploads\/2024\/03\/Beobachter-Pyrolyse-Den-Boden-Naturlich-Dungen-300x249.jpg 300w, https:\/\/alpaka-appenzell.ch\/wp-content\/uploads\/2024\/03\/Beobachter-Pyrolyse-Den-Boden-Naturlich-Dungen-768x637.jpg 768w, https:\/\/alpaka-appenzell.ch\/wp-content\/uploads\/2024\/03\/Beobachter-Pyrolyse-Den-Boden-Naturlich-Dungen-14x12.jpg 14w, https:\/\/alpaka-appenzell.ch\/wp-content\/uploads\/2024\/03\/Beobachter-Pyrolyse-Den-Boden-Naturlich-Dungen-600x498.jpg 600w\" sizes=\"(max-width: 800px) 100vw, 800px\" \/><\/p><\/div>\t\t\t\t\t\t\t\t<\/div>\n\t\t<div data-particle_enable=\"false\" data-particle-mobile-disabled=\"false\" class=\"elementor-element elementor-element-63f56e0 e-con-full e-flex e-con e-child\" data-id=\"63f56e0\" data-element_type=\"container\">\n\t\t\t\t<div class=\"elementor-element elementor-element-c183ece elementor-widget__width-initial elementor-widget elementor-widget-button\" data-id=\"c183ece\" data-element_type=\"widget\" data-widget_type=\"button.default\">\n\t\t\t\t\t\t\t\t\t\t<a class=\"elementor-button elementor-button-link elementor-size-sm\" href=\"https:\/\/alpaka-appenzell.ch\/en\/products\/terra-preta-nahrhumus\/\">\n\t\t\t\t\t\t<span class=\"elementor-button-content-wrapper\">\n\t\t\t\t\t\t<span class=\"elementor-button-icon\">\n\t\t\t\t<svg aria-hidden=\"true\" class=\"e-font-icon-svg e-far-arrow-alt-circle-left\" viewbox=\"0 0 512 512\" xmlns=\"http:\/\/www.w3.org\/2000\/svg\"><path d=\"M8 256c0 137 111 248 248 248s248-111 248-248S393 8 256 8 8 119 8 256zm448 0c0 110.5-89.5 200-200 200S56 366.5 56 256 145.5 56 256 56s200 89.5 200 200zm-72-20v40c0 6.6-5.4 12-12 12H256v67c0 10.7-12.9 16-20.5 8.5l-99-99c-4.7-4.7-4.7-12.3 0-17l99-99c7.6-7.6 20.5-2.2 20.5 8.5v67h116c6.6 0 12 5.4 12 12z\"><\/path><\/svg>\t\t\t<\/span>\n\t\t\t\t\t\t\t\t\t<span class=\"elementor-button-text\">Back<\/span>\n\t\t\t\t\t<\/span>\n\t\t\t\t\t<\/a>\n\t\t\t\t\t\t\t\t<\/div>\n\t\t\t\t<\/div>\n\t\t<div data-particle_enable=\"false\" data-particle-mobile-disabled=\"false\" class=\"elementor-element elementor-element-5909738 e-con-full e-flex e-con e-child\" data-id=\"5909738\" data-element_type=\"container\">\n\t\t\t\t<div class=\"elementor-element elementor-element-66a27f2 elementor-widget elementor-widget-heading\" data-id=\"66a27f2\" data-element_type=\"widget\" data-widget_type=\"heading.default\">\n\t\t\t\t\t<h6 class=\"elementor-heading-title elementor-size-default\">Share page:<\/h6>\t\t\t\t<\/div>\n\t\t\t\t<div class=\"elementor-element elementor-element-9c57d54 elementor-share-buttons--view-icon elementor-share-buttons--skin-gradient elementor-share-buttons--shape-square elementor-grid-0 elementor-share-buttons--color-official elementor-widget elementor-widget-share-buttons\" data-id=\"9c57d54\" data-element_type=\"widget\" data-widget_type=\"share-buttons.default\">\n\t\t\t\t\t\t\t<div class=\"elementor-grid\" role=\"list\">\n\t\t\t\t\t\t\t\t<div class=\"elementor-grid-item\" role=\"listitem\">\n\t\t\t\t\t\t<div class=\"elementor-share-btn elementor-share-btn_facebook\" role=\"button\" tabindex=\"0\" aria-label=\"Share on facebook\">\n\t\t\t\t\t\t\t\t\t\t\t\t\t\t\t<span class=\"elementor-share-btn__icon\">\n\t\t\t\t\t\t\t\t<svg aria-hidden=\"true\" class=\"e-font-icon-svg e-fab-facebook\" viewbox=\"0 0 512 512\" xmlns=\"http:\/\/www.w3.org\/2000\/svg\"><path d=\"M504 256C504 119 393 8 256 8S8 119 8 256c0 123.78 90.69 226.38 209.25 245V327.69h-63V256h63v-54.64c0-62.15 37-96.48 93.67-96.48 27.14 0 55.52 4.84 55.52 4.84v61h-31.28c-30.8 0-40.41 19.12-40.41 38.73V256h68.78l-11 71.69h-57.78V501C413.31 482.38 504 379.78 504 256z\"><\/path><\/svg>\t\t\t\t\t\t\t<\/span>\n\t\t\t\t\t\t\t\t\t\t\t\t\t\t\t\t\t\t\t\t<\/div>\n\t\t\t\t\t<\/div>\n\t\t\t\t\t\t\t\t\t<div class=\"elementor-grid-item\" role=\"listitem\">\n\t\t\t\t\t\t<div class=\"elementor-share-btn elementor-share-btn_twitter\" role=\"button\" tabindex=\"0\" aria-label=\"Share on twitter\">\n\t\t\t\t\t\t\t\t\t\t\t\t\t\t\t<span class=\"elementor-share-btn__icon\">\n\t\t\t\t\t\t\t\t<svg aria-hidden=\"true\" class=\"e-font-icon-svg e-fab-twitter\" viewbox=\"0 0 512 512\" xmlns=\"http:\/\/www.w3.org\/2000\/svg\"><path d=\"M459.37 151.716c.325 4.548.325 9.097.325 13.645 0 138.72-105.583 298.558-298.558 298.558-59.452 0-114.68-17.219-161.137-47.106 8.447.974 16.568 1.299 25.34 1.299 49.055 0 94.213-16.568 130.274-44.832-46.132-.975-84.792-31.188-98.112-72.772 6.498.974 12.995 1.624 19.818 1.624 9.421 0 18.843-1.3 27.614-3.573-48.081-9.747-84.143-51.98-84.143-102.985v-1.299c13.969 7.797 30.214 12.67 47.431 13.319-28.264-18.843-46.781-51.005-46.781-87.391 0-19.492 5.197-37.36 14.294-52.954 51.655 63.675 129.3 105.258 216.365 109.807-1.624-7.797-2.599-15.918-2.599-24.04 0-57.828 46.782-104.934 104.934-104.934 30.213 0 57.502 12.67 76.67 33.137 23.715-4.548 46.456-13.32 66.599-25.34-7.798 24.366-24.366 44.833-46.132 57.827 21.117-2.273 41.584-8.122 60.426-16.243-14.292 20.791-32.161 39.308-52.628 54.253z\"><\/path><\/svg>\t\t\t\t\t\t\t<\/span>\n\t\t\t\t\t\t\t\t\t\t\t\t\t\t\t\t\t\t\t\t<\/div>\n\t\t\t\t\t<\/div>\n\t\t\t\t\t\t\t\t\t<div class=\"elementor-grid-item\" role=\"listitem\">\n\t\t\t\t\t\t<div class=\"elementor-share-btn elementor-share-btn_linkedin\" role=\"button\" tabindex=\"0\" aria-label=\"Share on linkedin\">\n\t\t\t\t\t\t\t\t\t\t\t\t\t\t\t<span class=\"elementor-share-btn__icon\">\n\t\t\t\t\t\t\t\t<svg aria-hidden=\"true\" class=\"e-font-icon-svg e-fab-linkedin\" viewbox=\"0 0 448 512\" xmlns=\"http:\/\/www.w3.org\/2000\/svg\"><path d=\"M416 32H31.9C14.3 32 0 46.5 0 64.3v383.4C0 465.5 14.3 480 31.9 480H416c17.6 0 32-14.5 32-32.3V64.3c0-17.8-14.4-32.3-32-32.3zM135.4 416H69V202.2h66.5V416zm-33.2-243c-21.3 0-38.5-17.3-38.5-38.5S80.9 96 102.2 96c21.2 0 38.5 17.3 38.5 38.5 0 21.3-17.2 38.5-38.5 38.5zm282.1 243h-66.4V312c0-24.8-.5-56.7-34.5-56.7-34.6 0-39.9 27-39.9 54.9V416h-66.4V202.2h63.7v29.2h.9c8.9-16.8 30.6-34.5 62.9-34.5 67.2 0 79.7 44.3 79.7 101.9V416z\"><\/path><\/svg>\t\t\t\t\t\t\t<\/span>\n\t\t\t\t\t\t\t\t\t\t\t\t\t\t\t\t\t\t\t\t<\/div>\n\t\t\t\t\t<\/div>\n\t\t\t\t\t\t<\/div>\n\t\t\t\t\t\t<\/div>\n\t\t\t\t<\/div>\n\t\t\t\t\t<\/div>\n\t\t\t\t<\/div>\n\t\t\t\t<\/div>","protected":false},"excerpt":{"rendered":"<p>Beobachter Magazin Nr. 1 \/ 2020 PYROLYSE: DEN BODEN NAT\u00dcRLICH D\u00dcNGEN Im 2020 hat das Beobachter Magazin eine intensive Artikelserie zum Thema Smart Farming f\u00fcr die Zukunft ver\u00f6ffentlicht. Es war unser Stolz, dass unsere eigene Farm und unsere Visionen zum Thema Carbon Farming Teil dieser innovativen Serie wurden. Markus wurde als einer der Pioniere der [&hellip;]<\/p>","protected":false},"author":2,"featured_media":0,"parent":2267,"menu_order":0,"comment_status":"closed","ping_status":"closed","template":"","meta":{"footnotes":""},"class_list":["post-3908","page","type-page","status-publish","hentry"],"_links":{"self":[{"href":"https:\/\/alpaka-appenzell.ch\/en\/wp-json\/wp\/v2\/pages\/3908","targetHints":{"allow":["GET"]}}],"collection":[{"href":"https:\/\/alpaka-appenzell.ch\/en\/wp-json\/wp\/v2\/pages"}],"about":[{"href":"https:\/\/alpaka-appenzell.ch\/en\/wp-json\/wp\/v2\/types\/page"}],"author":[{"embeddable":true,"href":"https:\/\/alpaka-appenzell.ch\/en\/wp-json\/wp\/v2\/users\/2"}],"replies":[{"embeddable":true,"href":"https:\/\/alpaka-appenzell.ch\/en\/wp-json\/wp\/v2\/comments?post=3908"}],"version-history":[{"count":8,"href":"https:\/\/alpaka-appenzell.ch\/en\/wp-json\/wp\/v2\/pages\/3908\/revisions"}],"predecessor-version":[{"id":8125,"href":"https:\/\/alpaka-appenzell.ch\/en\/wp-json\/wp\/v2\/pages\/3908\/revisions\/8125"}],"up":[{"embeddable":true,"href":"https:\/\/alpaka-appenzell.ch\/en\/wp-json\/wp\/v2\/pages\/2267"}],"wp:attachment":[{"href":"https:\/\/alpaka-appenzell.ch\/en\/wp-json\/wp\/v2\/media?parent=3908"}],"curies":[{"name":"wp","href":"https:\/\/api.w.org\/{rel}","templated":true}]}}