{"id":3207,"date":"2024-02-03T17:21:47","date_gmt":"2024-02-03T16:21:47","guid":{"rendered":"https:\/\/alpaka-appenzell.ch\/?post_type=product&#038;p=3207"},"modified":"2026-02-17T18:04:41","modified_gmt":"2026-02-17T17:04:41","slug":"alpaka-frottee-socken","status":"publish","type":"product","link":"https:\/\/alpaka-appenzell.ch\/en\/product\/alpaka-frottee-socken\/","title":{"rendered":"Alpaca Terry socks"},"content":{"rendered":"<p>Alpaca terry socks offer a blend of comfort, warmth and durability. Alpaca wool is known for being soft, warm and hypoallergenic, while terry cloth provides extra cushioning and moisture-wicking properties. Adding synthetic fibers to the mix improves the sock's strength and shape retention, making it suitable for various activities and climates. A cozy and practical choice for everyday wear or outdoor adventures or a cozy slipper alternative.<\/p>\n<p>This is where the ingenious properties of the alpaca come into their own. The alpaca fiber has a temperature-balancing effect through microscopically small cavities and thus ensures ideal climate regulation. This keeps your feet dry and warm while preventing sweat and odor from forming.<\/p>\n<p>The natural aloe vera and jojoba oil finish, ensures special softness, optimal hydrating balance and a comfortable feel. Aloe Vera and Jojoba help preserve the skin's natural hydration by moisturising and wicking away excess dampness, reducing uncomfortable sweating. The soothing properties protect sensitive skin and keep the alpaca fibre sustainably supple.<\/p>\n<p>&nbsp;<\/p>\n<hr \/>\n<p><strong><span style=\"color: #008000;\">For detailed information about our alpaca wool products please click<\/span>\u00a0<span style=\"color: #0000ff;\"><a style=\"color: #0000ff;\" href=\"https:\/\/alpaka-appenzell.ch\/en\/products\/alpakawolle-produkte\/\" rel=\"noopener\">here<\/a>.<\/span><\/strong><\/p>\n<hr \/>\n<h5>Care Instructions<\/h5>\n<p>When machine washing, only wash on a gentle cycle at 30 degrees Celsius and do not spin in the machine. Do not wring out the item of clothing afterwards.<\/p>\n<p><img decoding=\"async\" class=\"alignnone size-medium wp-image-3685 ls-is-cached lazyloaded\" src=\"https:\/\/alpaka-appenzell.ch\/wp-content\/uploads\/2024\/02\/Pflegehinweise-300x39.jpg\" sizes=\"(max-width: 300px) 100vw, 300px\" srcset=\"https:\/\/alpaka-appenzell.ch\/wp-content\/uploads\/2024\/02\/Pflegehinweise-300x39.jpg 300w, https:\/\/alpaka-appenzell.ch\/wp-content\/uploads\/2024\/02\/Pflegehinweise-1024x134.jpg 1024w, https:\/\/alpaka-appenzell.ch\/wp-content\/uploads\/2024\/02\/Pflegehinweise-768x100.jpg 768w, https:\/\/alpaka-appenzell.ch\/wp-content\/uploads\/2024\/02\/Pflegehinweise-1536x201.jpg 1536w, https:\/\/alpaka-appenzell.ch\/wp-content\/uploads\/2024\/02\/Pflegehinweise-2048x268.jpg 2048w, https:\/\/alpaka-appenzell.ch\/wp-content\/uploads\/2024\/02\/Pflegehinweise-18x2.jpg 18w, https:\/\/alpaka-appenzell.ch\/wp-content\/uploads\/2024\/02\/Pflegehinweise-600x78.jpg 600w\" alt=\"\" width=\"300\" height=\"39\" data-src=\"https:\/\/alpaka-appenzell.ch\/wp-content\/uploads\/2024\/02\/Pflegehinweise-300x39.jpg\" data-srcset=\"https:\/\/alpaka-appenzell.ch\/wp-content\/uploads\/2024\/02\/Pflegehinweise-300x39.jpg 300w, https:\/\/alpaka-appenzell.ch\/wp-content\/uploads\/2024\/02\/Pflegehinweise-1024x134.jpg 1024w, https:\/\/alpaka-appenzell.ch\/wp-content\/uploads\/2024\/02\/Pflegehinweise-768x100.jpg 768w, https:\/\/alpaka-appenzell.ch\/wp-content\/uploads\/2024\/02\/Pflegehinweise-1536x201.jpg 1536w, https:\/\/alpaka-appenzell.ch\/wp-content\/uploads\/2024\/02\/Pflegehinweise-2048x268.jpg 2048w, https:\/\/alpaka-appenzell.ch\/wp-content\/uploads\/2024\/02\/Pflegehinweise-18x2.jpg 18w, https:\/\/alpaka-appenzell.ch\/wp-content\/uploads\/2024\/02\/Pflegehinweise-600x78.jpg 600w\" data- title=\"\"><\/p>\n<p>&nbsp;<\/p>\n<h5>Advantages<\/h5>\n<h6>Softness and comfort<\/h6>\n<p>Alpaca wool is naturally soft and luxurious, providing comfort to the wearer. Terry cloth provides additional softness and cushioning, increasing the overall comfort of the socks. The terry cloth texture provides a cozy and cushioned feel and makes wearing these socks a pleasure.<\/p>\n<h6>Moisture absorption<\/h6>\n<p>The terry material is very absorbent and effectively wicks moisture away from the feet. This helps keep your feet dry and comfortable and reduces the risk of discomfort and odor caused by sweat.<\/p>\n<h6>Warmth<\/h6>\n<p>Known for its excellent insulating properties, alpaca wool will keep your feet warm in cold weather. The thick, plush texture of terry socks provides insulation and helps keep your feet warm in colder weather. This makes them ideal for wearing indoors or during outdoor activities in cool temperatures.<\/p>\n<h6>D\u00e4mpfung und Polsterung<\/h6>\n<p>Die Schlingenkonstruktion aus Frotteestoff bildet eine gepolsterte Schicht zwischen Ihren F\u00fc\u00dfen und Ihren Schuhen und bietet zus\u00e4tzliche Polsterung und Schutz vor St\u00f6\u00dfen. Dies kann besonders f\u00fcr Personen von Vorteil sein, die l\u00e4ngere Zeit auf den Beinen sind oder intensive Aktivit\u00e4ten aus\u00fcben.<\/p>\n<h6>Durability<\/h6>\n<p>Dank der robusten Konstruktion des Stoffes in der Regel strapazierf\u00e4hig und langlebig. Die geschlungenen Fasern sind verschlei\u00dffest und sorgen daf\u00fcr, dass die Socken ihre Qualit\u00e4t und Form im Laufe der Zeit behalten. Der Mischung hinzugef\u00fcgte synthetische Fasern wie Nylon oder Polyester k\u00f6nnen die Haltbarkeit und Festigkeit der Socken verbessern. Dadurch sind sie widerstandsf\u00e4higer gegen Abnutzung und halten auch bei h\u00e4ufigem Gebrauch l\u00e4nger.<\/p>\n<h6>Hypoallergenic<\/h6>\n<p>Alpaca wool is hypoallergenic and therefore suitable for people with sensitive skin or allergies to other types of wool.<\/p>\n<h6>Versatility<\/h6>\n<p>Terry socks are versatile and suitable for various activities including chilling at home or going on outdoor adventures. Their comfortable and practical design offers comfort and performance.<\/p>\n<h6>Odor resistance<\/h6>\n<p>Alpaca wool has natural antimicrobial properties that help prevent the growth of odor-causing bacteria and keep your feet fresher for longer.<\/p>","protected":false},"excerpt":{"rendered":"<p>The perfect winter socks for very cold days.<\/p>\n<p><strong>CHF 39.-<\/strong><\/p>\n<p><strong>Colours:<\/strong> Grey<br \/>\n<strong>Sizes:<\/strong> 36-38\u00a0 \/ 39-41\u00a0 \/\u00a0 42-44\u00a0 \/\u00a0 45-48<\/p>\n<p><strong>Art. 10052<\/strong><\/p>\n<ul>\n<li>Material: 50% Alpaca 24% Polyacryl 18% Nylon 8% Elasthan<\/li>\n<li>terry cloth inner<\/li>\n<li>Rubber waistband<\/li>\n<li>Length to calf<\/li>\n<\/ul>","protected":false},"featured_media":5991,"comment_status":"open","ping_status":"closed","template":"","meta":[],"product_brand":[],"product_cat":[25],"product_tag":[],"class_list":{"0":"post-3207","1":"product","2":"type-product","3":"status-publish","4":"has-post-thumbnail","6":"product_cat-alpaka-socken","8":"first","9":"instock","10":"shipping-taxable","11":"product-type-simple"},"_links":{"self":[{"href":"https:\/\/alpaka-appenzell.ch\/en\/wp-json\/wp\/v2\/product\/3207","targetHints":{"allow":["GET"]}}],"collection":[{"href":"https:\/\/alpaka-appenzell.ch\/en\/wp-json\/wp\/v2\/product"}],"about":[{"href":"https:\/\/alpaka-appenzell.ch\/en\/wp-json\/wp\/v2\/types\/product"}],"replies":[{"embeddable":true,"href":"https:\/\/alpaka-appenzell.ch\/en\/wp-json\/wp\/v2\/comments?post=3207"}],"wp:featuredmedia":[{"embeddable":true,"href":"https:\/\/alpaka-appenzell.ch\/en\/wp-json\/wp\/v2\/media\/5991"}],"wp:attachment":[{"href":"https:\/\/alpaka-appenzell.ch\/en\/wp-json\/wp\/v2\/media?parent=3207"}],"wp:term":[{"taxonomy":"product_brand","embeddable":true,"href":"https:\/\/alpaka-appenzell.ch\/en\/wp-json\/wp\/v2\/product_brand?post=3207"},{"taxonomy":"product_cat","embeddable":true,"href":"https:\/\/alpaka-appenzell.ch\/en\/wp-json\/wp\/v2\/product_cat?post=3207"},{"taxonomy":"product_tag","embeddable":true,"href":"https:\/\/alpaka-appenzell.ch\/en\/wp-json\/wp\/v2\/product_tag?post=3207"}],"curies":[{"name":"wp","href":"https:\/\/api.w.org\/{rel}","templated":true}]}}