{"id":6229,"date":"2024-05-01T22:26:49","date_gmt":"2024-05-01T12:26:49","guid":{"rendered":"http:\/\/alpaka-appenzell.ch\/product\/alpaka-stirnband-stretch-copy\/"},"modified":"2024-09-22T07:46:23","modified_gmt":"2024-09-21T21:46:23","slug":"alpaka-schal-jamas","status":"publish","type":"product","link":"https:\/\/alpaka-appenzell.ch\/en\/product\/alpaka-schal-jamas\/","title":{"rendered":"Alpaca Scarf Jamas"},"content":{"rendered":"<div class=\"flex-1 overflow-hidden\">\n<div class=\"react-scroll-to-bottom--css-ivjec-79elbk h-full\">\n<div class=\"react-scroll-to-bottom--css-ivjec-1n7m0yu\">\n<div class=\"flex flex-col text-sm pb-9\">\n<div class=\"w-full text-token-text-primary\" dir=\"auto\" data-testid=\"conversation-turn-59\" data-scroll-anchor=\"true\">\n<div class=\"px-4 py-2 justify-center text-base md:gap-6 m-auto\">\n<div class=\"flex flex-1 text-base mx-auto gap-3 juice:gap-4 juice:md:gap-6 md:px-5 lg:px-1 xl:px-5 md:max-w-3xl lg:max-w-[40rem] xl:max-w-[48rem]\">\n<div class=\"relative flex w-full min-w-0 flex-col agent-turn\">\n<div class=\"flex-col gap-1 md:gap-3\">\n<div class=\"flex flex-grow flex-col max-w-full\">\n<div class=\"min-h-[20px] text-message flex flex-col items-start gap-3 whitespace-pre-wrap break-words [.text-message+&amp;]:mt-5 overflow-x-auto\" dir=\"auto\" data-message-author-role=\"assistant\" data-message-id=\"ab6a3f19-baa0-4ffa-ab5f-9802b5a55e77\">\n<div class=\"markdown prose w-full break-words dark:prose-invert light\">\n<p>Die Alpaka Schal Jamas f\u00fcr Damen und Herren, ist ein vielseitiges und modisches Accessoire, das W\u00e4rme, Stil und Pers\u00f6nlichkeit verleiht. Ob f\u00fcr den t\u00e4glichen Gebrauch oder besondere Anl\u00e4sse, ein Schal mit Fransen ist eine stilvolle Erg\u00e4nzung f\u00fcr jede Garderobe. Der eleganter Royal Alpaka Schal mit Fransen biete W\u00e4rme, Weichheit, Stil und Langlebigkeit und ist ein Zeitloses Accessoire f\u00fcr jede Jahreszeit und jeden Anlass.<\/p>\n<\/div>\n<\/div>\n<\/div>\n<div class=\"mt-1 flex gap-3 empty:hidden\">\n<div class=\"text-gray-400 flex self-end lg:self-center items-center justify-center lg:justify-start mt-0 -ml-1 h-7 gap-[2px] visible\">\n<div><\/div>\n<div class=\"flex\">Hier kommen die genialen Eigenschaften des Alpakas voll zur Geltung. Die Alpakafaser wirkt durch mikroskopisch kleine Hohlr\u00e4ume temperaturausgleichend und sorgt so f\u00fcr eine ideale Klimaregulierung. Dies h\u00e4lt Ihre R\u00fccken trocken und warm und verhindert gleichzeitig die Bildung von Schwei\u00df.<\/div>\n<\/div>\n<\/div>\n<\/div>\n<\/div>\n<\/div>\n<\/div>\n<\/div>\n<\/div>\n<\/div>\n<\/div>\n<\/div>\n<p>&nbsp;<\/p>\n<hr \/>\n<p><strong><span style=\"color: #008000;\">F\u00fcr detaillierte Informationen zu unserer Alpakawolle Produkte klicken Sie bitte<\/span>\u00a0<span style=\"color: #0000ff;\"><a style=\"color: #0000ff;\" href=\"https:\/\/alpaka-appenzell.ch\/products\/alpakawolle-produkte\/\" rel=\"noopener\">hier<\/a><\/span>.<\/strong><\/p>\n<hr \/>\n<p>&nbsp;<\/p>\n<h5>Pflegehinweise:<\/h5>\n<p><img decoding=\"async\" class=\"alignnone size-medium wp-image-3685\" src=\"https:\/\/alpaka-appenzell.ch\/wp-content\/uploads\/2024\/02\/Pflegehinweise-300x39.jpg\" alt=\"\" width=\"300\" height=\"39\" title=\"\" srcset=\"https:\/\/alpaka-appenzell.ch\/wp-content\/uploads\/2024\/02\/Pflegehinweise-300x39.jpg 300w, https:\/\/alpaka-appenzell.ch\/wp-content\/uploads\/2024\/02\/Pflegehinweise-1024x134.jpg 1024w, https:\/\/alpaka-appenzell.ch\/wp-content\/uploads\/2024\/02\/Pflegehinweise-768x100.jpg 768w, https:\/\/alpaka-appenzell.ch\/wp-content\/uploads\/2024\/02\/Pflegehinweise-1536x201.jpg 1536w, https:\/\/alpaka-appenzell.ch\/wp-content\/uploads\/2024\/02\/Pflegehinweise-2048x268.jpg 2048w, https:\/\/alpaka-appenzell.ch\/wp-content\/uploads\/2024\/02\/Pflegehinweise-18x2.jpg 18w, https:\/\/alpaka-appenzell.ch\/wp-content\/uploads\/2024\/02\/Pflegehinweise-600x78.jpg 600w\" sizes=\"(max-width: 300px) 100vw, 300px\" \/><\/p>\n<p>&nbsp;<\/p>\n<h5>Vorteile:<\/h5>\n<h6>W\u00e4rme<\/h6>\n<p>Trotz ihrer Weichheit bietet Royal Alpaka ausgezeichnete Isolierungseigenschaften und h\u00e4lt den K\u00f6rper warm, ohne zu schwer oder sperrig zu sein.<\/p>\n<h6>Weichheit und Komfort<\/h6>\n<p>Royal Alpaka Wolle ist bekannt f\u00fcr ihre au\u00dfergew\u00f6hnliche Weichheit und angenehmes Tragegef\u00fchl. Der Royal Schal Jamas f\u00fchlt sich sanft auf der Haut an und bietet maximalen Komfort. Die Fasern von Royal Alpaka sind sehr fein, mit einem Durchmesser von weniger als 19 Mikrometern. Diese Feinheit tr\u00e4gt zur Weichheit und zum luxuri\u00f6sen Gef\u00fchl des Materials bei.<\/p>\n<h6>Feuchtigkeitstransportierend<\/h6>\n<p>Alpakawolle hat nat\u00fcrliche feuchtigkeitstransportierende Eigenschaften und hilft, die Haut trocken und angenehm zu halten, indem sie Feuchtigkeit aufnimmt und ableitet.<\/p>\n<h6>Atmungsaktivit\u00e4t<\/h6>\n<p>Alpakawolle ist von Natur aus atmungsaktiv und reguliert die Temperatur, indem sie Feuchtigkeit ableitet und gleichzeitig W\u00e4rme speichert.<\/p>\n<h6>Hypoallergen<\/h6>\n<p>Alpakafasern sind von Natur aus hypoallergen, was bedeutet, dass sie f\u00fcr die meisten Menschen mit empfindlicher Haut gut vertr\u00e4glich sind und weniger wahrscheinlich Hautirritationen verursachen.<\/p>\n<h6>Vielseitigkeit<\/h6>\n<p>Der Royal Alpaka Schal Jamas mit Fransen kann auf verschiedene Arten getragen werden, ob um den Hals gewickelt, locker \u00fcber die Schultern gelegt oder als Accessoire an der Handtasche befestigt. Er vervollst\u00e4ndigt jedes Outfit und verleiht ihm eine edle Note.<\/p>\n<h6>Praktisch<\/h6>\n<p>Die Fransen dienen nicht nur einem \u00e4sthetischen Zweck, sondern k\u00f6nnen auch dazu verwendet werden, den Schal zu knoten oder zu binden, um ihn sicher am K\u00f6rper zu halten und ein Verrutschen zu verhindern.<\/p>\n<h6>Leicht<\/h6>\n<p>Royal Alpaka ist leichter als viele andere Wollsorten, was es angenehm zu tragen macht und eine gute Wahl alle Jahreszeiten ist.<\/p>\n<h6>Haltbarkeit<\/h6>\n<p>Royal Alpaka ist widerstandsf\u00e4hig und beh\u00e4lt auch nach l\u00e4ngerem Tragen und Waschen seine Form und Weichheit bei.<\/p>\n<h6>Zeitloses Design<\/h6>\n<p>Der Royal Alpaka Schal Jamas ist Zeitlos und bleiben auch in wechselnden Modetrends relevant. Sie sind ein klassisches Accessoire, das zu jeder Jahreszeit und f\u00fcr verschiedene Anl\u00e4sse getragen werden kann.<\/p>\n<p>&nbsp;<\/p>\n<p>&nbsp;<\/p>\n","protected":false},"excerpt":{"rendered":"<p>Alpaca scarf Jamas made from 100% Royal Alpaca, refers to a high-quality class of alpaca fibers that are particularly soft, fine and luxurious.<\/p>\n<p><strong>CHF 98.-<\/strong><\/p>\n<p><strong>Colours:<\/strong> ecru \/ black \/ polvo \/ navy (goldrina) \/ anthracite<\/p>\n<p><b>Brand: <\/b>Kuna<\/p>\n<ul>\n<li>Material: 100% Alpaka (Royal Alpaka)<\/li>\n<li>Dimensions: 165 x 30cm without fringes<\/li>\n<li>with fringes<\/li>\n<\/ul>","protected":false},"featured_media":6231,"comment_status":"open","ping_status":"closed","template":"","meta":[],"product_brand":[],"product_cat":[23],"product_tag":[],"class_list":{"0":"post-6229","1":"product","2":"type-product","3":"status-publish","4":"has-post-thumbnail","6":"product_cat-accessoires","8":"first","9":"instock","10":"shipping-taxable","11":"product-type-simple"},"_links":{"self":[{"href":"https:\/\/alpaka-appenzell.ch\/en\/wp-json\/wp\/v2\/product\/6229","targetHints":{"allow":["GET"]}}],"collection":[{"href":"https:\/\/alpaka-appenzell.ch\/en\/wp-json\/wp\/v2\/product"}],"about":[{"href":"https:\/\/alpaka-appenzell.ch\/en\/wp-json\/wp\/v2\/types\/product"}],"replies":[{"embeddable":true,"href":"https:\/\/alpaka-appenzell.ch\/en\/wp-json\/wp\/v2\/comments?post=6229"}],"wp:featuredmedia":[{"embeddable":true,"href":"https:\/\/alpaka-appenzell.ch\/en\/wp-json\/wp\/v2\/media\/6231"}],"wp:attachment":[{"href":"https:\/\/alpaka-appenzell.ch\/en\/wp-json\/wp\/v2\/media?parent=6229"}],"wp:term":[{"taxonomy":"product_brand","embeddable":true,"href":"https:\/\/alpaka-appenzell.ch\/en\/wp-json\/wp\/v2\/product_brand?post=6229"},{"taxonomy":"product_cat","embeddable":true,"href":"https:\/\/alpaka-appenzell.ch\/en\/wp-json\/wp\/v2\/product_cat?post=6229"},{"taxonomy":"product_tag","embeddable":true,"href":"https:\/\/alpaka-appenzell.ch\/en\/wp-json\/wp\/v2\/product_tag?post=6229"}],"curies":[{"name":"wp","href":"https:\/\/api.w.org\/{rel}","templated":true}]}}