{"id":6263,"date":"2024-05-02T06:43:20","date_gmt":"2024-05-01T20:43:20","guid":{"rendered":"http:\/\/alpaka-appenzell.ch\/?post_type=product&#038;p=6263"},"modified":"2026-01-12T18:45:56","modified_gmt":"2026-01-12T17:45:56","slug":"alpaka-baskenmuetze-biesen","status":"publish","type":"product","link":"https:\/\/alpaka-appenzell.ch\/en\/product\/alpaka-baskenmuetze-biesen\/","title":{"rendered":"Alpaka Baskenm\u00fctze Biesen"},"content":{"rendered":"<p>Die Alpaka Baskenm\u00fctze Biesen aus 100% Baby Alpaka kann zu verschiedenen Anl\u00e4ssen getragen werden, sei es beim Einkaufen, beim Treffen mit Freunden oder bei einem Spaziergang im Park. Als Alpaka Baskenm\u00fctze beziehungsweise Alpaka Beret l\u00e4sst sie sich leicht mit unterschiedlichen Kleidungsst\u00fccken kombinieren \u2013 ob mit einem l\u00e4ssigen T-Shirt und Jeans oder mit einem schickeren Outfit f\u00fcr besondere Anl\u00e4sse. Sie verleiht jedem Look eine elegante und stilvolle Note. Im Vergleich zu traditionellen Schirmm\u00fctzen oder Beanies sorgt diese dehnbare Alpaka M\u00fctze f\u00fcr einen raffinierteren und zeitlos schicken Auftritt. Sie ist die ideale Wahl f\u00fcr alle, die eine elegante Alternative zur klassischen M\u00fctze suchen.<\/p>\n<p>Hier kommen die genialen Eigenschaften des Alpakas voll zur Geltung. Die Alpakafaser wirkt durch mikroskopisch kleine Hohlr\u00e4ume temperaturausgleichend und sorgt so f\u00fcr eine ideale Klimaregulierung. Dies h\u00e4lt Ihren Kopf angenehm trocken und warm und verhindert gleichzeitig die Bildung von Schwei\u00df.<\/p>\n<p>You can find many other items from the BIESEN series in our product catalog. Combine the BIESEN <span style=\"color: #0000ff;\"><a style=\"color: #0000ff;\" href=\"https:\/\/alpaka-appenzell.ch\/en\/product\/alpaka-stirnband-biesen\/\">Head band<\/a><\/span>, <a href=\"https:\/\/alpaka-appenzell.ch\/en\/product\/alpaka-pulswaermer-biesen\/\"><span style=\"color: #0000ff;\">Wrist Warmer<\/span><\/a>, and the <a href=\"https:\/\/alpaka-appenzell.ch\/en\/product\/alpaka-beinstulpen-biesen\/\"><span style=\"color: #0000ff;\">Leg Warmers<\/span><\/a>\u00a0to make a complete set.<\/p>\n<hr \/>\n<p><strong><span style=\"color: #008000;\">For detailed information about our alpaca wool products please click<\/span>\u00a0<span style=\"color: #0000ff;\"><a style=\"color: #0000ff;\" href=\"https:\/\/alpaka-appenzell.ch\/en\/products\/alpakawolle-produkte\/\" rel=\"noopener\">here<\/a><\/span>.<\/strong><\/p>\n<hr \/>\n<p>&nbsp;<\/p>\n<h5>Care instructions:<\/h5>\n<p><img decoding=\"async\" class=\"alignnone size-medium wp-image-3685\" src=\"https:\/\/alpaka-appenzell.ch\/wp-content\/uploads\/2024\/02\/Pflegehinweise-300x39.jpg\" alt=\"\" width=\"300\" height=\"39\" title=\"\" srcset=\"https:\/\/alpaka-appenzell.ch\/wp-content\/uploads\/2024\/02\/Pflegehinweise-300x39.jpg 300w, https:\/\/alpaka-appenzell.ch\/wp-content\/uploads\/2024\/02\/Pflegehinweise-1024x134.jpg 1024w, https:\/\/alpaka-appenzell.ch\/wp-content\/uploads\/2024\/02\/Pflegehinweise-768x100.jpg 768w, https:\/\/alpaka-appenzell.ch\/wp-content\/uploads\/2024\/02\/Pflegehinweise-1536x201.jpg 1536w, https:\/\/alpaka-appenzell.ch\/wp-content\/uploads\/2024\/02\/Pflegehinweise-2048x268.jpg 2048w, https:\/\/alpaka-appenzell.ch\/wp-content\/uploads\/2024\/02\/Pflegehinweise-18x2.jpg 18w, https:\/\/alpaka-appenzell.ch\/wp-content\/uploads\/2024\/02\/Pflegehinweise-600x78.jpg 600w\" sizes=\"(max-width: 300px) 100vw, 300px\" \/><\/p>\n<p>&nbsp;<\/p>\n<h5>Advantages:<\/h5>\n<h6>Warmth<\/h6>\n<p>Alpaca wool provides excellent thermal insulation and keeps the head and ears warm, making the beret ideal for cold days, be it autumn, winter or spring.<\/p>\n<h6>Softness and comfort<\/h6>\n<p>Baby alpaca wool is particularly soft and pleasant on the skin, making the Alpaca Beret Biesen a comfortable accessory that can be worn all day long without scratching or itching.<\/p>\n<h6>Breathability<\/h6>\n<p>Despite their warmth, Alpaca Beret Biesen offers good breathability so that the scalp does not overheat and moisture is wicked away from the skin.<\/p>\n<h6>Hypoallergenic<\/h6>\n<p>Baby alpaca wool is hypoallergenic and therefore suitable for sensitive skin types. It usually does not cause any allergic reactions and can be worn without hesitation.<\/p>\n<h6>Flexibility<\/h6>\n<p>The Alpaca Beret Biesen is stretchy and adapts well to different head sizes. They therefore offer comfort and a good fit for everyone.<\/p>\n<h6>Style<\/h6>\n<p>Berets have a characteristic flat, round shape and a narrow brim. Their timeless design adds an elegant touch to any outfit and suits different styles and occasions.<\/p>\n<h6>Biesen pattern<\/h6>\n<p>The biesen pattern gives the beret a fashionable and attractive look, which makes the accessory an eye-catcher and underlines your personal style.<\/p>\n<p>&nbsp;<\/p>\n<p>&nbsp;<\/p>","protected":false},"excerpt":{"rendered":"<p>An elegant and choice for headwear that combines style, versatility and comfort. They are a practical addition to any wardrobe and can subtly enhance the look.<\/p>\n<p><strong>CHF 65.-<\/strong><\/p>\n<p><strong>Colours:<\/strong> blue \/ anthracite \/ petrol \/ sand \/ black \/ white<\/p>\n<p><strong>Art. <\/strong>7124<\/p>\n<ul>\n<li>Material: 100% Alpaca (Baby Alpaca)<\/li>\n<li>Biesen pattern<\/li>\n<\/ul>","protected":false},"featured_media":6264,"comment_status":"open","ping_status":"closed","template":"","meta":[],"product_brand":[],"product_cat":[23],"product_tag":[],"class_list":{"0":"post-6263","1":"product","2":"type-product","3":"status-publish","4":"has-post-thumbnail","6":"product_cat-accessoires","8":"first","9":"instock","10":"shipping-taxable","11":"product-type-simple"},"_links":{"self":[{"href":"https:\/\/alpaka-appenzell.ch\/en\/wp-json\/wp\/v2\/product\/6263","targetHints":{"allow":["GET"]}}],"collection":[{"href":"https:\/\/alpaka-appenzell.ch\/en\/wp-json\/wp\/v2\/product"}],"about":[{"href":"https:\/\/alpaka-appenzell.ch\/en\/wp-json\/wp\/v2\/types\/product"}],"replies":[{"embeddable":true,"href":"https:\/\/alpaka-appenzell.ch\/en\/wp-json\/wp\/v2\/comments?post=6263"}],"wp:featuredmedia":[{"embeddable":true,"href":"https:\/\/alpaka-appenzell.ch\/en\/wp-json\/wp\/v2\/media\/6264"}],"wp:attachment":[{"href":"https:\/\/alpaka-appenzell.ch\/en\/wp-json\/wp\/v2\/media?parent=6263"}],"wp:term":[{"taxonomy":"product_brand","embeddable":true,"href":"https:\/\/alpaka-appenzell.ch\/en\/wp-json\/wp\/v2\/product_brand?post=6263"},{"taxonomy":"product_cat","embeddable":true,"href":"https:\/\/alpaka-appenzell.ch\/en\/wp-json\/wp\/v2\/product_cat?post=6263"},{"taxonomy":"product_tag","embeddable":true,"href":"https:\/\/alpaka-appenzell.ch\/en\/wp-json\/wp\/v2\/product_tag?post=6263"}],"curies":[{"name":"wp","href":"https:\/\/api.w.org\/{rel}","templated":true}]}}